{"id":206,"date":"2025-09-17T12:31:58","date_gmt":"2025-09-17T12:31:58","guid":{"rendered":"https:\/\/physio-mohr.de\/?page_id=206"},"modified":"2025-10-14T19:09:44","modified_gmt":"2025-10-14T19:09:44","slug":"willkommen-2","status":"publish","type":"page","link":"https:\/\/physio-mohr.de\/","title":{"rendered":"Willkommen"},"content":{"rendered":"\t\t<div data-elementor-type=\"wp-post\" data-elementor-id=\"206\" class=\"elementor elementor-206\" data-elementor-post-type=\"page\">\n\t\t\t\t<div class=\"elementor-element elementor-element-62fcfe7 e-flex e-con-boxed e-con e-parent\" data-id=\"62fcfe7\" data-element_type=\"container\" data-e-type=\"container\">\n\t\t\t\t\t<div class=\"e-con-inner\">\n\t\t<div class=\"elementor-element elementor-element-4317769 e-con-full e-flex e-con e-child\" data-id=\"4317769\" data-element_type=\"container\" data-e-type=\"container\">\n\t\t\t\t<div class=\"elementor-element elementor-element-d7070d2 elementor-widget__width-initial elementor-widget elementor-widget-text-editor\" data-id=\"d7070d2\" data-element_type=\"widget\" data-e-type=\"widget\" data-widget_type=\"text-editor.default\">\n\t\t\t\t\t\t\t\t\t<p>Gemeinsam legen wir besonderen Wert darauf, dass Sie sich in unserer Praxis wohlf\u00fchlen und das auf Sie optimal abgestimmte Behandlungskonzept erhalten. Ihr individueller Heilungs- und Regenerationsprozess steht dabei im Vordergrund jeder Behandlung.<\/p><p>Aufbauend auf langj\u00e4hrige Berufserfahrung und stetige Weiterbildungen unserer Therapeuten, insbes. in den Bereichen manuelle und neurologische Therapie sowie Lymphdrainage, ist es unser Ziel, Ihnen zu einem schmerzfreien und beweglichen Leben zu verhelfen.<\/p><p>Ich w\u00fcrde mich freuen, wenn Sie sich die Zeit f\u00fcr Ihre Gesundheit nehmen und ich Sie in meiner Praxis begr\u00fc\u00dfen darf!<\/p><p>Herzlichst, Ihr Daniel Mohr<\/p><div>\u00a0<\/div>\t\t\t\t\t\t\t\t<\/div>\n\t\t\t\t<\/div>\n\t\t<div class=\"elementor-element elementor-element-11131c6 e-con-full e-flex e-con e-child\" data-id=\"11131c6\" data-element_type=\"container\" data-e-type=\"container\">\n\t\t\t\t<div class=\"elementor-element elementor-element-e5d8016 elementor-widget elementor-widget-image\" data-id=\"e5d8016\" data-element_type=\"widget\" data-e-type=\"widget\" data-widget_type=\"image.default\">\n\t\t\t\t\t\t\t\t\t\t\t\t\t\t\t<img fetchpriority=\"high\" decoding=\"async\" width=\"300\" height=\"300\" src=\"https:\/\/physio-mohr.de\/wp-content\/uploads\/2025\/09\/daniel_mohr_portrait_mb-300x300.webp\" class=\"attachment-medium size-medium wp-image-497\" alt=\"\" srcset=\"https:\/\/physio-mohr.de\/wp-content\/uploads\/2025\/09\/daniel_mohr_portrait_mb-300x300.webp 300w, https:\/\/physio-mohr.de\/wp-content\/uploads\/2025\/09\/daniel_mohr_portrait_mb-150x150.webp 150w, https:\/\/physio-mohr.de\/wp-content\/uploads\/2025\/09\/daniel_mohr_portrait_mb.webp 704w\" sizes=\"(max-width: 300px) 100vw, 300px\" \/>\t\t\t\t\t\t\t\t\t\t\t\t\t\t\t<\/div>\n\t\t\t\t<\/div>\n\t\t\t\t\t<\/div>\n\t\t\t\t<\/div>\n\t\t\t\t<\/div>\n\t\t","protected":false},"excerpt":{"rendered":"<p>Gemeinsam legen wir besonderen Wert darauf, dass Sie sich in unserer Praxis wohlf\u00fchlen und das auf Sie optimal abgestimmte Behandlungskonzept erhalten. Ihr individueller Heilungs- und Regenerationsprozess steht dabei im Vordergrund jeder Behandlung. Aufbauend auf langj\u00e4hrige Berufserfahrung und stetige Weiterbildungen unserer Therapeuten, insbes. in den Bereichen manuelle und neurologische Therapie sowie Lymphdrainage, ist es unser Ziel, [&hellip;]<\/p>\n","protected":false},"author":1,"featured_media":0,"parent":0,"menu_order":0,"comment_status":"closed","ping_status":"closed","template":"elementor_theme","meta":{"footnotes":""},"class_list":["post-206","page","type-page","status-publish","hentry"],"_links":{"self":[{"href":"https:\/\/physio-mohr.de\/index.php?rest_route=\/wp\/v2\/pages\/206","targetHints":{"allow":["GET"]}}],"collection":[{"href":"https:\/\/physio-mohr.de\/index.php?rest_route=\/wp\/v2\/pages"}],"about":[{"href":"https:\/\/physio-mohr.de\/index.php?rest_route=\/wp\/v2\/types\/page"}],"author":[{"embeddable":true,"href":"https:\/\/physio-mohr.de\/index.php?rest_route=\/wp\/v2\/users\/1"}],"replies":[{"embeddable":true,"href":"https:\/\/physio-mohr.de\/index.php?rest_route=%2Fwp%2Fv2%2Fcomments&post=206"}],"version-history":[{"count":50,"href":"https:\/\/physio-mohr.de\/index.php?rest_route=\/wp\/v2\/pages\/206\/revisions"}],"predecessor-version":[{"id":598,"href":"https:\/\/physio-mohr.de\/index.php?rest_route=\/wp\/v2\/pages\/206\/revisions\/598"}],"wp:attachment":[{"href":"https:\/\/physio-mohr.de\/index.php?rest_route=%2Fwp%2Fv2%2Fmedia&parent=206"}],"curies":[{"name":"wp","href":"https:\/\/api.w.org\/{rel}","templated":true}]}}