{"id":165,"date":"2025-04-04T13:49:00","date_gmt":"2025-04-04T13:49:00","guid":{"rendered":"https:\/\/physio-mohr.de\/?page_id=165"},"modified":"2025-10-10T09:04:24","modified_gmt":"2025-10-10T09:04:24","slug":"unsere-praxis","status":"publish","type":"page","link":"https:\/\/physio-mohr.de\/?page_id=165","title":{"rendered":"Unsere Praxis"},"content":{"rendered":"\t\t<div data-elementor-type=\"wp-page\" data-elementor-id=\"165\" class=\"elementor elementor-165\" data-elementor-post-type=\"page\">\n\t\t\t\t<div class=\"elementor-element elementor-element-681f416 e-flex e-con-boxed e-con e-parent\" data-id=\"681f416\" data-element_type=\"container\" data-e-type=\"container\">\n\t\t\t\t\t<div class=\"e-con-inner\">\n\t\t\t\t<div class=\"elementor-element elementor-element-66d7e00 elementor-widget elementor-widget-text-editor\" data-id=\"66d7e00\" data-element_type=\"widget\" data-e-type=\"widget\" data-widget_type=\"text-editor.default\">\n\t\t\t\t\t\t\t\t\t<p>Unsere Praxis gibt es seit 2003. Unser Team besteht aktuell aus drei Mitarbeitern, die gern f\u00fcr Sie da sind. Wir sind in der Georg-Schumann-Stra\u00dfe 309 in Leipzig gut \u00fcber \u00f6ffentliche Verkehrsmittel erreichbar. Auch mit dem Auto finden Sie in der Umgebung entsprechende Parkm\u00f6glichkeiten.<\/p>\t\t\t\t\t\t\t\t<\/div>\n\t\t\t\t\t<\/div>\n\t\t\t\t<\/div>\n\t\t<div class=\"elementor-element elementor-element-45e27ed e-flex e-con-boxed e-con e-parent\" data-id=\"45e27ed\" data-element_type=\"container\" data-e-type=\"container\">\n\t\t\t\t\t<div class=\"e-con-inner\">\n\t\t\t\t<div class=\"elementor-element elementor-element-b28da66 elementor-widget elementor-widget-text-editor\" data-id=\"b28da66\" data-element_type=\"widget\" data-e-type=\"widget\" data-widget_type=\"text-editor.default\">\n\t\t\t\t\t\t\t\t\t<p><strong>Empfang<\/strong><\/p><p>Wir begr\u00fc\u00dfen Sie bei Physiotherapie Daniel Mohr. Beim Eintreten in die Praxis gelangen Sie sofort in den Wartebereich und unseren Empfangstresen.<\/p>\t\t\t\t\t\t\t\t<\/div>\n\t\t\t\t\t<\/div>\n\t\t\t\t<\/div>\n\t\t<div class=\"elementor-element elementor-element-2a61171 e-flex e-con-boxed e-con e-parent\" data-id=\"2a61171\" data-element_type=\"container\" data-e-type=\"container\">\n\t\t\t\t\t<div class=\"e-con-inner\">\n\t\t\t\t<div class=\"elementor-element elementor-element-f827315 elementor-widget elementor-widget-gallery\" data-id=\"f827315\" data-element_type=\"widget\" data-e-type=\"widget\" data-settings=\"{&quot;aspect_ratio&quot;:&quot;1:1&quot;,&quot;lazyload&quot;:&quot;yes&quot;,&quot;gallery_layout&quot;:&quot;grid&quot;,&quot;columns&quot;:4,&quot;columns_tablet&quot;:2,&quot;columns_mobile&quot;:1,&quot;gap&quot;:{&quot;unit&quot;:&quot;px&quot;,&quot;size&quot;:10,&quot;sizes&quot;:[]},&quot;gap_tablet&quot;:{&quot;unit&quot;:&quot;px&quot;,&quot;size&quot;:10,&quot;sizes&quot;:[]},&quot;gap_mobile&quot;:{&quot;unit&quot;:&quot;px&quot;,&quot;size&quot;:10,&quot;sizes&quot;:[]},&quot;link_to&quot;:&quot;file&quot;,&quot;overlay_background&quot;:&quot;yes&quot;,&quot;content_hover_animation&quot;:&quot;fade-in&quot;}\" data-widget_type=\"gallery.default\">\n\t\t\t\t\t\t\t<div class=\"elementor-gallery__container\">\n\t\t\t\t\t\t\t<a class=\"e-gallery-item elementor-gallery-item elementor-animated-content\" href=\"https:\/\/physio-mohr.de\/wp-content\/uploads\/2025\/09\/empfang05.webp\" data-elementor-open-lightbox=\"yes\" data-elementor-lightbox-slideshow=\"f827315\" data-e-action-hash=\"#elementor-action%3Aaction%3Dlightbox%26settings%3DeyJpZCI6NTI2LCJ1cmwiOiJodHRwczpcL1wvcGh5c2lvLW1vaHIuZGVcL3dwLWNvbnRlbnRcL3VwbG9hZHNcLzIwMjVcLzA5XC9lbXBmYW5nMDUud2VicCIsInNsaWRlc2hvdyI6ImY4MjczMTUifQ%3D%3D\">\n\t\t\t\t\t<div class=\"e-gallery-image elementor-gallery-item__image\" data-thumbnail=\"https:\/\/physio-mohr.de\/wp-content\/uploads\/2025\/09\/empfang05-300x300.webp\" data-width=\"300\" data-height=\"300\" aria-label=\"\" role=\"img\" ><\/div>\n\t\t\t\t\t\t\t\t\t\t\t<div class=\"elementor-gallery-item__overlay\"><\/div>\n\t\t\t\t\t\t\t\t\t\t\t\t\t\t<\/a>\n\t\t\t\t\t\t\t<a class=\"e-gallery-item elementor-gallery-item elementor-animated-content\" href=\"https:\/\/physio-mohr.de\/wp-content\/uploads\/2025\/09\/empfang02.webp\" data-elementor-open-lightbox=\"yes\" data-elementor-lightbox-slideshow=\"f827315\" data-e-action-hash=\"#elementor-action%3Aaction%3Dlightbox%26settings%3DeyJpZCI6NTAyLCJ1cmwiOiJodHRwczpcL1wvcGh5c2lvLW1vaHIuZGVcL3dwLWNvbnRlbnRcL3VwbG9hZHNcLzIwMjVcLzA5XC9lbXBmYW5nMDIud2VicCIsInNsaWRlc2hvdyI6ImY4MjczMTUifQ%3D%3D\">\n\t\t\t\t\t<div class=\"e-gallery-image elementor-gallery-item__image\" data-thumbnail=\"https:\/\/physio-mohr.de\/wp-content\/uploads\/2025\/09\/empfang02-300x300.webp\" data-width=\"300\" data-height=\"300\" aria-label=\"\" role=\"img\" ><\/div>\n\t\t\t\t\t\t\t\t\t\t\t<div class=\"elementor-gallery-item__overlay\"><\/div>\n\t\t\t\t\t\t\t\t\t\t\t\t\t\t<\/a>\n\t\t\t\t\t\t\t<a class=\"e-gallery-item elementor-gallery-item elementor-animated-content\" href=\"https:\/\/physio-mohr.de\/wp-content\/uploads\/2025\/09\/empfang04.webp\" data-elementor-open-lightbox=\"yes\" data-elementor-lightbox-slideshow=\"f827315\" data-e-action-hash=\"#elementor-action%3Aaction%3Dlightbox%26settings%3DeyJpZCI6NTA0LCJ1cmwiOiJodHRwczpcL1wvcGh5c2lvLW1vaHIuZGVcL3dwLWNvbnRlbnRcL3VwbG9hZHNcLzIwMjVcLzA5XC9lbXBmYW5nMDQud2VicCIsInNsaWRlc2hvdyI6ImY4MjczMTUifQ%3D%3D\">\n\t\t\t\t\t<div class=\"e-gallery-image elementor-gallery-item__image\" data-thumbnail=\"https:\/\/physio-mohr.de\/wp-content\/uploads\/2025\/09\/empfang04-300x300.webp\" data-width=\"300\" data-height=\"300\" aria-label=\"\" role=\"img\" ><\/div>\n\t\t\t\t\t\t\t\t\t\t\t<div class=\"elementor-gallery-item__overlay\"><\/div>\n\t\t\t\t\t\t\t\t\t\t\t\t\t\t<\/a>\n\t\t\t\t\t\t\t<a class=\"e-gallery-item elementor-gallery-item elementor-animated-content\" href=\"https:\/\/physio-mohr.de\/wp-content\/uploads\/2025\/09\/empfang01.webp\" data-elementor-open-lightbox=\"yes\" data-elementor-lightbox-slideshow=\"f827315\" data-e-action-hash=\"#elementor-action%3Aaction%3Dlightbox%26settings%3DeyJpZCI6NTAxLCJ1cmwiOiJodHRwczpcL1wvcGh5c2lvLW1vaHIuZGVcL3dwLWNvbnRlbnRcL3VwbG9hZHNcLzIwMjVcLzA5XC9lbXBmYW5nMDEud2VicCIsInNsaWRlc2hvdyI6ImY4MjczMTUifQ%3D%3D\">\n\t\t\t\t\t<div class=\"e-gallery-image elementor-gallery-item__image\" data-thumbnail=\"https:\/\/physio-mohr.de\/wp-content\/uploads\/2025\/09\/empfang01-300x300.webp\" data-width=\"300\" data-height=\"300\" aria-label=\"\" role=\"img\" ><\/div>\n\t\t\t\t\t\t\t\t\t\t\t<div class=\"elementor-gallery-item__overlay\"><\/div>\n\t\t\t\t\t\t\t\t\t\t\t\t\t\t<\/a>\n\t\t\t\t\t<\/div>\n\t\t\t\t\t<\/div>\n\t\t\t\t\t<\/div>\n\t\t\t\t<\/div>\n\t\t<div class=\"elementor-element elementor-element-9ea94b1 e-flex e-con-boxed e-con e-parent\" data-id=\"9ea94b1\" data-element_type=\"container\" data-e-type=\"container\">\n\t\t\t\t\t<div class=\"e-con-inner\">\n\t\t\t\t<div class=\"elementor-element elementor-element-27f0ea2 elementor-widget elementor-widget-text-editor\" data-id=\"27f0ea2\" data-element_type=\"widget\" data-e-type=\"widget\" data-widget_type=\"text-editor.default\">\n\t\t\t\t\t\t\t\t\t<p><strong>Therapie-R\u00e4ume<br><\/strong><br>Wir w\u00fcnschen uns, dass Sie sich in unserer Praxis wohlf\u00fchlen. Wir haben f\u00fcr spezielle Anwendungen entsprechende Therapie-Zimmer, die hell und freundlich gestaltet sind.<\/p>\t\t\t\t\t\t\t\t<\/div>\n\t\t\t\t\t<\/div>\n\t\t\t\t<\/div>\n\t\t<div class=\"elementor-element elementor-element-d96a2e3 e-flex e-con-boxed e-con e-parent\" data-id=\"d96a2e3\" data-element_type=\"container\" data-e-type=\"container\">\n\t\t\t\t\t<div class=\"e-con-inner\">\n\t\t\t\t<div class=\"elementor-element elementor-element-da5db51 elementor-widget elementor-widget-gallery\" data-id=\"da5db51\" data-element_type=\"widget\" data-e-type=\"widget\" data-settings=\"{&quot;aspect_ratio&quot;:&quot;1:1&quot;,&quot;lazyload&quot;:&quot;yes&quot;,&quot;gallery_layout&quot;:&quot;grid&quot;,&quot;columns&quot;:4,&quot;columns_tablet&quot;:2,&quot;columns_mobile&quot;:1,&quot;gap&quot;:{&quot;unit&quot;:&quot;px&quot;,&quot;size&quot;:10,&quot;sizes&quot;:[]},&quot;gap_tablet&quot;:{&quot;unit&quot;:&quot;px&quot;,&quot;size&quot;:10,&quot;sizes&quot;:[]},&quot;gap_mobile&quot;:{&quot;unit&quot;:&quot;px&quot;,&quot;size&quot;:10,&quot;sizes&quot;:[]},&quot;link_to&quot;:&quot;file&quot;,&quot;overlay_background&quot;:&quot;yes&quot;,&quot;content_hover_animation&quot;:&quot;fade-in&quot;}\" data-widget_type=\"gallery.default\">\n\t\t\t\t\t\t\t<div class=\"elementor-gallery__container\">\n\t\t\t\t\t\t\t<a class=\"e-gallery-item elementor-gallery-item elementor-animated-content\" href=\"https:\/\/physio-mohr.de\/wp-content\/uploads\/2025\/09\/zimmer04.webp\" data-elementor-open-lightbox=\"yes\" data-elementor-lightbox-slideshow=\"da5db51\" data-e-action-hash=\"#elementor-action%3Aaction%3Dlightbox%26settings%3DeyJpZCI6NTEyLCJ1cmwiOiJodHRwczpcL1wvcGh5c2lvLW1vaHIuZGVcL3dwLWNvbnRlbnRcL3VwbG9hZHNcLzIwMjVcLzA5XC96aW1tZXIwNC53ZWJwIiwic2xpZGVzaG93IjoiZGE1ZGI1MSJ9\">\n\t\t\t\t\t<div class=\"e-gallery-image elementor-gallery-item__image\" data-thumbnail=\"https:\/\/physio-mohr.de\/wp-content\/uploads\/2025\/09\/zimmer04-300x300.webp\" data-width=\"300\" data-height=\"300\" aria-label=\"\" role=\"img\" ><\/div>\n\t\t\t\t\t\t\t\t\t\t\t<div class=\"elementor-gallery-item__overlay\"><\/div>\n\t\t\t\t\t\t\t\t\t\t\t\t\t\t<\/a>\n\t\t\t\t\t\t\t<a class=\"e-gallery-item elementor-gallery-item elementor-animated-content\" href=\"https:\/\/physio-mohr.de\/wp-content\/uploads\/2025\/09\/zimmer01.webp\" data-elementor-open-lightbox=\"yes\" data-elementor-lightbox-slideshow=\"da5db51\" data-e-action-hash=\"#elementor-action%3Aaction%3Dlightbox%26settings%3DeyJpZCI6NTA5LCJ1cmwiOiJodHRwczpcL1wvcGh5c2lvLW1vaHIuZGVcL3dwLWNvbnRlbnRcL3VwbG9hZHNcLzIwMjVcLzA5XC96aW1tZXIwMS53ZWJwIiwic2xpZGVzaG93IjoiZGE1ZGI1MSJ9\">\n\t\t\t\t\t<div class=\"e-gallery-image elementor-gallery-item__image\" data-thumbnail=\"https:\/\/physio-mohr.de\/wp-content\/uploads\/2025\/09\/zimmer01-300x300.webp\" data-width=\"300\" data-height=\"300\" aria-label=\"\" role=\"img\" ><\/div>\n\t\t\t\t\t\t\t\t\t\t\t<div class=\"elementor-gallery-item__overlay\"><\/div>\n\t\t\t\t\t\t\t\t\t\t\t\t\t\t<\/a>\n\t\t\t\t\t\t\t<a class=\"e-gallery-item elementor-gallery-item elementor-animated-content\" href=\"https:\/\/physio-mohr.de\/wp-content\/uploads\/2025\/09\/zimmer02.webp\" data-elementor-open-lightbox=\"yes\" data-elementor-lightbox-slideshow=\"da5db51\" data-e-action-hash=\"#elementor-action%3Aaction%3Dlightbox%26settings%3DeyJpZCI6NTEwLCJ1cmwiOiJodHRwczpcL1wvcGh5c2lvLW1vaHIuZGVcL3dwLWNvbnRlbnRcL3VwbG9hZHNcLzIwMjVcLzA5XC96aW1tZXIwMi53ZWJwIiwic2xpZGVzaG93IjoiZGE1ZGI1MSJ9\">\n\t\t\t\t\t<div class=\"e-gallery-image elementor-gallery-item__image\" data-thumbnail=\"https:\/\/physio-mohr.de\/wp-content\/uploads\/2025\/09\/zimmer02-300x300.webp\" data-width=\"300\" data-height=\"300\" aria-label=\"\" role=\"img\" ><\/div>\n\t\t\t\t\t\t\t\t\t\t\t<div class=\"elementor-gallery-item__overlay\"><\/div>\n\t\t\t\t\t\t\t\t\t\t\t\t\t\t<\/a>\n\t\t\t\t\t\t\t<a class=\"e-gallery-item elementor-gallery-item elementor-animated-content\" href=\"https:\/\/physio-mohr.de\/wp-content\/uploads\/2025\/09\/zimmer03.webp\" data-elementor-open-lightbox=\"yes\" data-elementor-lightbox-slideshow=\"da5db51\" data-e-action-hash=\"#elementor-action%3Aaction%3Dlightbox%26settings%3DeyJpZCI6NTExLCJ1cmwiOiJodHRwczpcL1wvcGh5c2lvLW1vaHIuZGVcL3dwLWNvbnRlbnRcL3VwbG9hZHNcLzIwMjVcLzA5XC96aW1tZXIwMy53ZWJwIiwic2xpZGVzaG93IjoiZGE1ZGI1MSJ9\">\n\t\t\t\t\t<div class=\"e-gallery-image elementor-gallery-item__image\" data-thumbnail=\"https:\/\/physio-mohr.de\/wp-content\/uploads\/2025\/09\/zimmer03-300x300.webp\" data-width=\"300\" data-height=\"300\" aria-label=\"\" role=\"img\" ><\/div>\n\t\t\t\t\t\t\t\t\t\t\t<div class=\"elementor-gallery-item__overlay\"><\/div>\n\t\t\t\t\t\t\t\t\t\t\t\t\t\t<\/a>\n\t\t\t\t\t<\/div>\n\t\t\t\t\t<\/div>\n\t\t\t\t\t<\/div>\n\t\t\t\t<\/div>\n\t\t<div class=\"elementor-element elementor-element-6c5fec7 e-flex e-con-boxed e-con e-parent\" data-id=\"6c5fec7\" data-element_type=\"container\" data-e-type=\"container\">\n\t\t\t\t\t<div class=\"e-con-inner\">\n\t\t\t\t<div class=\"elementor-element elementor-element-b4605b0 elementor-widget elementor-widget-text-editor\" data-id=\"b4605b0\" data-element_type=\"widget\" data-e-type=\"widget\" data-widget_type=\"text-editor.default\">\n\t\t\t\t\t\t\t\t\t<p><strong>Visuelle Eindr\u00fccke<\/strong><\/p><p>Unsere Praxis ist unter anderem mit Wandbildern eines K\u00fcnstlers aus Leipzig ausgestattet, um ein wenig die Phantasie anzuregen und von Krankheit und Alltag abzulenken. Bei Interesse vermitteln wir den Kontakt, falls Sie ein Exemplar davon bestellen m\u00f6chten. Schauen Sie sich gerne um!<\/p>\t\t\t\t\t\t\t\t<\/div>\n\t\t\t\t\t<\/div>\n\t\t\t\t<\/div>\n\t\t<div class=\"elementor-element elementor-element-831ca64 e-flex e-con-boxed e-con e-parent\" data-id=\"831ca64\" data-element_type=\"container\" data-e-type=\"container\">\n\t\t\t\t\t<div class=\"e-con-inner\">\n\t\t\t\t<div class=\"elementor-element elementor-element-d81b695 elementor-widget elementor-widget-gallery\" data-id=\"d81b695\" data-element_type=\"widget\" data-e-type=\"widget\" data-settings=\"{&quot;aspect_ratio&quot;:&quot;1:1&quot;,&quot;lazyload&quot;:&quot;yes&quot;,&quot;gallery_layout&quot;:&quot;grid&quot;,&quot;columns&quot;:4,&quot;columns_tablet&quot;:2,&quot;columns_mobile&quot;:1,&quot;gap&quot;:{&quot;unit&quot;:&quot;px&quot;,&quot;size&quot;:10,&quot;sizes&quot;:[]},&quot;gap_tablet&quot;:{&quot;unit&quot;:&quot;px&quot;,&quot;size&quot;:10,&quot;sizes&quot;:[]},&quot;gap_mobile&quot;:{&quot;unit&quot;:&quot;px&quot;,&quot;size&quot;:10,&quot;sizes&quot;:[]},&quot;link_to&quot;:&quot;file&quot;,&quot;overlay_background&quot;:&quot;yes&quot;,&quot;content_hover_animation&quot;:&quot;fade-in&quot;}\" data-widget_type=\"gallery.default\">\n\t\t\t\t\t\t\t<div class=\"elementor-gallery__container\">\n\t\t\t\t\t\t\t<a class=\"e-gallery-item elementor-gallery-item elementor-animated-content\" href=\"https:\/\/physio-mohr.de\/wp-content\/uploads\/2025\/09\/wandbilder01.webp\" data-elementor-open-lightbox=\"yes\" data-elementor-lightbox-slideshow=\"d81b695\" data-e-action-hash=\"#elementor-action%3Aaction%3Dlightbox%26settings%3DeyJpZCI6NTMwLCJ1cmwiOiJodHRwczpcL1wvcGh5c2lvLW1vaHIuZGVcL3dwLWNvbnRlbnRcL3VwbG9hZHNcLzIwMjVcLzA5XC93YW5kYmlsZGVyMDEud2VicCIsInNsaWRlc2hvdyI6ImQ4MWI2OTUifQ%3D%3D\">\n\t\t\t\t\t<div class=\"e-gallery-image elementor-gallery-item__image\" data-thumbnail=\"https:\/\/physio-mohr.de\/wp-content\/uploads\/2025\/09\/wandbilder01-300x300.webp\" data-width=\"300\" data-height=\"300\" aria-label=\"\" role=\"img\" ><\/div>\n\t\t\t\t\t\t\t\t\t\t\t<div class=\"elementor-gallery-item__overlay\"><\/div>\n\t\t\t\t\t\t\t\t\t\t\t\t\t\t<\/a>\n\t\t\t\t\t\t\t<a class=\"e-gallery-item elementor-gallery-item elementor-animated-content\" href=\"https:\/\/physio-mohr.de\/wp-content\/uploads\/2025\/09\/wandbilder02.webp\" data-elementor-open-lightbox=\"yes\" data-elementor-lightbox-slideshow=\"d81b695\" data-e-action-hash=\"#elementor-action%3Aaction%3Dlightbox%26settings%3DeyJpZCI6NTMxLCJ1cmwiOiJodHRwczpcL1wvcGh5c2lvLW1vaHIuZGVcL3dwLWNvbnRlbnRcL3VwbG9hZHNcLzIwMjVcLzA5XC93YW5kYmlsZGVyMDIud2VicCIsInNsaWRlc2hvdyI6ImQ4MWI2OTUifQ%3D%3D\">\n\t\t\t\t\t<div class=\"e-gallery-image elementor-gallery-item__image\" data-thumbnail=\"https:\/\/physio-mohr.de\/wp-content\/uploads\/2025\/09\/wandbilder02-300x300.webp\" data-width=\"300\" data-height=\"300\" aria-label=\"\" role=\"img\" ><\/div>\n\t\t\t\t\t\t\t\t\t\t\t<div class=\"elementor-gallery-item__overlay\"><\/div>\n\t\t\t\t\t\t\t\t\t\t\t\t\t\t<\/a>\n\t\t\t\t\t\t\t<a class=\"e-gallery-item elementor-gallery-item elementor-animated-content\" href=\"https:\/\/physio-mohr.de\/wp-content\/uploads\/2025\/09\/wandbilder03.webp\" data-elementor-open-lightbox=\"yes\" data-elementor-lightbox-slideshow=\"d81b695\" data-e-action-hash=\"#elementor-action%3Aaction%3Dlightbox%26settings%3DeyJpZCI6NTMyLCJ1cmwiOiJodHRwczpcL1wvcGh5c2lvLW1vaHIuZGVcL3dwLWNvbnRlbnRcL3VwbG9hZHNcLzIwMjVcLzA5XC93YW5kYmlsZGVyMDMud2VicCIsInNsaWRlc2hvdyI6ImQ4MWI2OTUifQ%3D%3D\">\n\t\t\t\t\t<div class=\"e-gallery-image elementor-gallery-item__image\" data-thumbnail=\"https:\/\/physio-mohr.de\/wp-content\/uploads\/2025\/09\/wandbilder03-300x300.webp\" data-width=\"300\" data-height=\"300\" aria-label=\"\" role=\"img\" ><\/div>\n\t\t\t\t\t\t\t\t\t\t\t<div class=\"elementor-gallery-item__overlay\"><\/div>\n\t\t\t\t\t\t\t\t\t\t\t\t\t\t<\/a>\n\t\t\t\t\t\t\t<a class=\"e-gallery-item elementor-gallery-item elementor-animated-content\" href=\"https:\/\/physio-mohr.de\/wp-content\/uploads\/2025\/09\/wandbilder04.webp\" data-elementor-open-lightbox=\"yes\" data-elementor-lightbox-slideshow=\"d81b695\" data-e-action-hash=\"#elementor-action%3Aaction%3Dlightbox%26settings%3DeyJpZCI6NTMzLCJ1cmwiOiJodHRwczpcL1wvcGh5c2lvLW1vaHIuZGVcL3dwLWNvbnRlbnRcL3VwbG9hZHNcLzIwMjVcLzA5XC93YW5kYmlsZGVyMDQud2VicCIsInNsaWRlc2hvdyI6ImQ4MWI2OTUifQ%3D%3D\">\n\t\t\t\t\t<div class=\"e-gallery-image elementor-gallery-item__image\" data-thumbnail=\"https:\/\/physio-mohr.de\/wp-content\/uploads\/2025\/09\/wandbilder04-300x300.webp\" data-width=\"300\" data-height=\"300\" aria-label=\"\" role=\"img\" ><\/div>\n\t\t\t\t\t\t\t\t\t\t\t<div class=\"elementor-gallery-item__overlay\"><\/div>\n\t\t\t\t\t\t\t\t\t\t\t\t\t\t<\/a>\n\t\t\t\t\t<\/div>\n\t\t\t\t\t<\/div>\n\t\t\t\t\t<\/div>\n\t\t\t\t<\/div>\n\t\t\t\t<\/div>\n\t\t","protected":false},"excerpt":{"rendered":"<p>Unsere Praxis gibt es seit 2003. Unser Team besteht aktuell aus drei Mitarbeitern, die gern f\u00fcr Sie da sind. Wir sind in der Georg-Schumann-Stra\u00dfe 309 in Leipzig gut \u00fcber \u00f6ffentliche Verkehrsmittel erreichbar. Auch mit dem Auto finden Sie in der Umgebung entsprechende Parkm\u00f6glichkeiten. Empfang Wir begr\u00fc\u00dfen Sie bei Physiotherapie Daniel Mohr. Beim Eintreten in die [&hellip;]<\/p>\n","protected":false},"author":1,"featured_media":0,"parent":0,"menu_order":0,"comment_status":"closed","ping_status":"closed","template":"","meta":{"footnotes":""},"class_list":["post-165","page","type-page","status-publish","hentry"],"_links":{"self":[{"href":"https:\/\/physio-mohr.de\/index.php?rest_route=\/wp\/v2\/pages\/165","targetHints":{"allow":["GET"]}}],"collection":[{"href":"https:\/\/physio-mohr.de\/index.php?rest_route=\/wp\/v2\/pages"}],"about":[{"href":"https:\/\/physio-mohr.de\/index.php?rest_route=\/wp\/v2\/types\/page"}],"author":[{"embeddable":true,"href":"https:\/\/physio-mohr.de\/index.php?rest_route=\/wp\/v2\/users\/1"}],"replies":[{"embeddable":true,"href":"https:\/\/physio-mohr.de\/index.php?rest_route=%2Fwp%2Fv2%2Fcomments&post=165"}],"version-history":[{"count":61,"href":"https:\/\/physio-mohr.de\/index.php?rest_route=\/wp\/v2\/pages\/165\/revisions"}],"predecessor-version":[{"id":592,"href":"https:\/\/physio-mohr.de\/index.php?rest_route=\/wp\/v2\/pages\/165\/revisions\/592"}],"wp:attachment":[{"href":"https:\/\/physio-mohr.de\/index.php?rest_route=%2Fwp%2Fv2%2Fmedia&parent=165"}],"curies":[{"name":"wp","href":"https:\/\/api.w.org\/{rel}","templated":true}]}}